{"id":54,"date":"2022-10-12T13:25:11","date_gmt":"2022-10-12T13:25:11","guid":{"rendered":"https:\/\/lafonduedefred.ch\/?page_id=54"},"modified":"2025-12-30T13:55:44","modified_gmt":"2025-12-30T12:55:44","slug":"home","status":"publish","type":"page","link":"https:\/\/lafonduedefred.ch\/en\/","title":{"rendered":"Home"},"content":{"rendered":"<section class=\"hero-block non-cta \">\n                        <style>.hero-block .hero-img::before {opacity: 0.7}<\/style>\n            <div class=\"hero-img\" style=\"background-image: url(https:\/\/lafonduedefred.ch\/wp-content\/uploads\/2022\/12\/FondueFred_HeaderBG_Accueil-e1672231608770.jpg)\">\n            <\/div>\n                <div class=\"container\">\n                    <div class=\"hero-title\"\n              data-aos-duration=\"1000\"\n              data-aos-delay=\"150\"\n              data-aos=\"fade-up\"\n            >\n                <h1>taste the cr\u00e8me de la cr\u00e8me<\/h1>\n            <\/div>\n            <\/div>\n    <div class=\"hero-footer\">\n                <div class=\"hero-decor middle\"\n            data-aos=\"fade-up\"\n            >   \n                \n                                    <img decoding=\"async\" src=\"https:\/\/lafonduedefred.ch\/wp-content\/uploads\/2022\/11\/LaFonduedeFred_Illustration_Recette.png\" alt=\"LaFonduedeFred_Illustration_Recette\">\n                            <\/div>\n        <\/div>\n    <div class=\"hero-decor-footer\">\n        <img decoding=\"async\" src=\"https:\/\/lafonduedefred.ch\/wp-content\/themes\/ff\/resources\/img\/bottom-section.svg\" alt=\"decor\">\n    <\/div>\n<\/section>\n\n<section id=first-content class=\"cta-block\"\n    >\n    <div class=\"container\">\n        <div class=\"cta-block__title\"\n            data-aos-duration=\"1000\"\n            data-aos-delay=\"150\"\n            data-aos=\"fade-up\"\n        >\n                            <h2>Fred has carefully assembled various exceptional Gruy\u00e8re &#038; Vacherin AOP from our Swiss terroir to create a top-of-the-line fondue moiti\u00e9-moiti\u00e9.<\/h2>\n                                        <a class=\"btn anchor cta\" href=\"#product\">ORDER A FONDUE<\/a>\n                    <\/div>\n        <div class=\"cta-block__content\"\n            data-aos-duration=\"1000\"\n            data-aos-delay=\"150\"\n            data-aos=\"fade-up\"\n        >\n                            <p>Alpine cheese, produced in summer, brings a unique floral touch from the richness of the fragrant herbs typical of the high pastures.<\/p>\n<p>The dairy cheese, made from fresh hay milk, adds rich and complex aromas. This gentle harmony is the secret of this fondue.<\/p>\n<p>To be discovered without moderation.<\/p>\n\n                    <\/div>\n    <\/div>\n<\/section>\n\n<section class=\"cta-image-block\">\n    <div class=\"container\">\n        <div class=\"cta-image-block__inner\">\n            <div class=\"cta-image-block__left\"\n                        data-aos-duration=\"1000\"\n            data-aos-delay=\"150\"\n            data-aos=\"fade-up\"\n            >\n                                    <h2>50%<br \/>\r\nVacherin AOP<\/h2>\n                                                    <h3><a class=\"title-link\" href=\"https:\/\/lafonduedefred.ch\/en\/lorigine\/\" target=\"\"> read more<\/a><\/h3>\n                            <\/div>\n            <div class=\"cta-image-block__img\"\n            data-aos-duration=\"1000\"\n            data-aos-delay=\"150\"\n            data-aos=\"fade-zoom-in\"\n            data-aos-easing=\"ease-in-back\"\n            >\n                                    <img decoding=\"async\" src=\"https:\/\/lafonduedefred.ch\/wp-content\/uploads\/2022\/11\/LaFonduedeFred_Illustration_50-50.png\" alt=\"\">\n                            <\/div>\n            <div class=\"cta-image-block__right\"\n                        data-aos-duration=\"1000\"\n            data-aos-delay=\"150\"\n            data-aos=\"fade-up\"\n            >\n                                    <h2>50%<br \/>\r\nGruy\u00e8re AOP<\/h2>\n                                                    <h3><a class=\"title-link\" href=\"https:\/\/lafonduedefred.ch\/en\/lorigine\/\" target=\"\"> read more<\/a><\/h3>\n                            <\/div>\n        <\/div>\n    <\/div>\n<\/section>\n\n<section  class=\"cta-block\"\n    >\n    <div class=\"container\">\n        <div class=\"cta-block__title\"\n            data-aos-duration=\"1000\"\n            data-aos-delay=\"150\"\n            data-aos=\"fade-up\"\n        >\n                            <h2>Fred seeks to create a creamy and tasty fondue.<\/h2>\n                                        <a class=\"btn anchor cta\" href=\"https:\/\/lafonduedefred.ch\/en\/lorigine\/\">DISCOVER OUR STORY<\/a>\n                    <\/div>\n        <div class=\"cta-block__content\"\n            data-aos-duration=\"1000\"\n            data-aos-delay=\"150\"\n            data-aos=\"fade-up\"\n        >\n                            <p>Thanks to a rigorous selection of AOP cheeses and meticulous blending, Fred is proud to present you with the cr\u00e8me de la cr\u00e8me.<\/p>\n\n                    <\/div>\n    <\/div>\n<\/section>\n\n<div class=\"product-block__decor\">\n    <img decoding=\"async\" src=\"https:\/\/lafonduedefred.ch\/wp-content\/themes\/ff\/resources\/img\/product-decor.svg\" alt=\"product-decor\">\n<\/div>\n<section id=\"product\" class=\"product-block\">\n    <div class=\"container\">\n        <div class=\"product-block__title\"\n            data-aos-duration=\"1000\"\n            data-aos-delay=\"150\"\n            data-aos=\"fade-up\"\n        >\n            <h2>place an order<\/h2>\n            <h3>a fondue moiti\u00e9-moiti\u00e9 available for everyone (400g, 600g or 800g)<\/h3>\n        <\/div>\n        \n        <div class=\"woocommerce-notices-wrapper\"><\/div>\n            <div class=\"product-block__row post-1035 product type-product status-publish has-post-thumbnail product_cat-uncategorized first instock shipping-taxable purchasable product-type-variable\">\n                <div class=\"product-block__img\"\n                    data-aos-duration=\"1000\"\n                    data-aos-delay=\"150\"\n                    data-aos=\"fade-right\"\n                >\n                    <div class=\"woocommerce-product-gallery woocommerce-product-gallery--with-images woocommerce-product-gallery--columns-4 images\" data-columns=\"4\" style=\"opacity: 0; transition: opacity .25s ease-in-out;\">\n\t<div class=\"woocommerce-product-gallery__wrapper\">\n\t\t<div data-thumb=\"https:\/\/lafonduedefred.ch\/wp-content\/uploads\/2022\/11\/LaFonduedeFred_Illustration_Fondue2Pax-100x100.png\" data-thumb-alt=\"Fondue\" data-thumb-srcset=\"https:\/\/lafonduedefred.ch\/wp-content\/uploads\/2022\/11\/LaFonduedeFred_Illustration_Fondue2Pax-100x100.png 100w, https:\/\/lafonduedefred.ch\/wp-content\/uploads\/2022\/11\/LaFonduedeFred_Illustration_Fondue2Pax-450x450.png 450w, https:\/\/lafonduedefred.ch\/wp-content\/uploads\/2022\/11\/LaFonduedeFred_Illustration_Fondue2Pax-150x150.png 150w\"  data-thumb-sizes=\"(max-width: 100px) 100vw, 100px\" class=\"woocommerce-product-gallery__image\"><a href=\"https:\/\/lafonduedefred.ch\/wp-content\/uploads\/2022\/11\/LaFonduedeFred_Illustration_Fondue2Pax.png\"><img loading=\"lazy\" decoding=\"async\" width=\"600\" height=\"486\" src=\"https:\/\/lafonduedefred.ch\/wp-content\/uploads\/2022\/11\/LaFonduedeFred_Illustration_Fondue2Pax-600x486.png\" class=\"wp-post-image\" alt=\"Fondue\" data-caption=\"\" data-src=\"https:\/\/lafonduedefred.ch\/wp-content\/uploads\/2022\/11\/LaFonduedeFred_Illustration_Fondue2Pax.png\" data-large_image=\"https:\/\/lafonduedefred.ch\/wp-content\/uploads\/2022\/11\/LaFonduedeFred_Illustration_Fondue2Pax.png\" data-large_image_width=\"1050\" data-large_image_height=\"850\" srcset=\"https:\/\/lafonduedefred.ch\/wp-content\/uploads\/2022\/11\/LaFonduedeFred_Illustration_Fondue2Pax-600x486.png 600w, https:\/\/lafonduedefred.ch\/wp-content\/uploads\/2022\/11\/LaFonduedeFred_Illustration_Fondue2Pax-300x243.png 300w, https:\/\/lafonduedefred.ch\/wp-content\/uploads\/2022\/11\/LaFonduedeFred_Illustration_Fondue2Pax-1024x829.png 1024w, https:\/\/lafonduedefred.ch\/wp-content\/uploads\/2022\/11\/LaFonduedeFred_Illustration_Fondue2Pax-768x622.png 768w, https:\/\/lafonduedefred.ch\/wp-content\/uploads\/2022\/11\/LaFonduedeFred_Illustration_Fondue2Pax.png 1050w\" sizes=\"auto, (max-width: 600px) 100vw, 600px\" \/><\/a><\/div>\t<\/div>\n<\/div>\n                <\/div>\n                <div id=\"product-order\" class=\"product-block__summary\"\n                    data-aos-duration=\"1000\"\n                    data-aos-delay=\"150\"\n                    data-aos=\"fade-left\"\n                >\n                    \n<form class=\"variations_form cart\" action=\"https:\/\/lafonduedefred.ch\/en\/product\/fondue\/\" method=\"post\" enctype='multipart\/form-data' data-product_id=\"1035\" data-product_variations=\"[{&quot;attributes&quot;:{&quot;attribute_grammes&quot;:&quot;400g&quot;},&quot;availability_html&quot;:&quot;&quot;,&quot;backorders_allowed&quot;:false,&quot;dimensions&quot;:{&quot;length&quot;:&quot;&quot;,&quot;width&quot;:&quot;&quot;,&quot;height&quot;:&quot;&quot;},&quot;dimensions_html&quot;:&quot;N\\\/A&quot;,&quot;display_price&quot;:20,&quot;display_regular_price&quot;:20,&quot;image&quot;:{&quot;title&quot;:&quot;LaFonduedeFred_Illustration_Fondue2Pax&quot;,&quot;caption&quot;:&quot;&quot;,&quot;url&quot;:&quot;https:\\\/\\\/lafonduedefred.ch\\\/wp-content\\\/uploads\\\/2022\\\/11\\\/LaFonduedeFred_Illustration_Fondue2Pax.png&quot;,&quot;alt&quot;:&quot;LaFonduedeFred_Illustration_Fondue2Pax&quot;,&quot;src&quot;:&quot;https:\\\/\\\/lafonduedefred.ch\\\/wp-content\\\/uploads\\\/2022\\\/11\\\/LaFonduedeFred_Illustration_Fondue2Pax-600x486.png&quot;,&quot;srcset&quot;:&quot;https:\\\/\\\/lafonduedefred.ch\\\/wp-content\\\/uploads\\\/2022\\\/11\\\/LaFonduedeFred_Illustration_Fondue2Pax-600x486.png 600w, https:\\\/\\\/lafonduedefred.ch\\\/wp-content\\\/uploads\\\/2022\\\/11\\\/LaFonduedeFred_Illustration_Fondue2Pax-300x243.png 300w, https:\\\/\\\/lafonduedefred.ch\\\/wp-content\\\/uploads\\\/2022\\\/11\\\/LaFonduedeFred_Illustration_Fondue2Pax-1024x829.png 1024w, https:\\\/\\\/lafonduedefred.ch\\\/wp-content\\\/uploads\\\/2022\\\/11\\\/LaFonduedeFred_Illustration_Fondue2Pax-768x622.png 768w, https:\\\/\\\/lafonduedefred.ch\\\/wp-content\\\/uploads\\\/2022\\\/11\\\/LaFonduedeFred_Illustration_Fondue2Pax.png 1050w&quot;,&quot;sizes&quot;:&quot;(max-width: 600px) 100vw, 600px&quot;,&quot;full_src&quot;:&quot;https:\\\/\\\/lafonduedefred.ch\\\/wp-content\\\/uploads\\\/2022\\\/11\\\/LaFonduedeFred_Illustration_Fondue2Pax.png&quot;,&quot;full_src_w&quot;:1050,&quot;full_src_h&quot;:850,&quot;gallery_thumbnail_src&quot;:&quot;https:\\\/\\\/lafonduedefred.ch\\\/wp-content\\\/uploads\\\/2022\\\/11\\\/LaFonduedeFred_Illustration_Fondue2Pax-100x100.png&quot;,&quot;gallery_thumbnail_src_w&quot;:100,&quot;gallery_thumbnail_src_h&quot;:100,&quot;thumb_src&quot;:&quot;https:\\\/\\\/lafonduedefred.ch\\\/wp-content\\\/uploads\\\/2022\\\/11\\\/LaFonduedeFred_Illustration_Fondue2Pax-450x450.png&quot;,&quot;thumb_src_w&quot;:300,&quot;thumb_src_h&quot;:300,&quot;src_w&quot;:600,&quot;src_h&quot;:486},&quot;image_id&quot;:292,&quot;is_downloadable&quot;:false,&quot;is_in_stock&quot;:true,&quot;is_purchasable&quot;:true,&quot;is_sold_individually&quot;:&quot;no&quot;,&quot;is_virtual&quot;:false,&quot;max_qty&quot;:&quot;&quot;,&quot;min_qty&quot;:1,&quot;price_html&quot;:&quot;&lt;span class=\\&quot;price\\&quot;&gt;&lt;span class=\\&quot;woocommerce-Price-amount amount\\&quot;&gt;&lt;bdi&gt;&lt;span class=\\&quot;woocommerce-Price-currencySymbol\\&quot;&gt;&amp;#67;&amp;#72;&amp;#70;&lt;\\\/span&gt;&amp;nbsp;20&lt;\\\/bdi&gt;&lt;\\\/span&gt;&lt;\\\/span&gt;&quot;,&quot;sku&quot;:&quot;&quot;,&quot;variation_description&quot;:&quot;&lt;p&gt;Fondue moiti\\u00e9-moiti\\u00e9 with Gruy\\u00e8re AOP and Vacherin AOP&lt;br \\\/&gt;\\n400 grams for 2 persons.&lt;\\\/p&gt;\\n&quot;,&quot;variation_id&quot;:1067,&quot;variation_is_active&quot;:true,&quot;variation_is_visible&quot;:true,&quot;weight&quot;:&quot;&quot;,&quot;weight_html&quot;:&quot;N\\\/A&quot;},{&quot;attributes&quot;:{&quot;attribute_grammes&quot;:&quot;600g&quot;},&quot;availability_html&quot;:&quot;&quot;,&quot;backorders_allowed&quot;:false,&quot;dimensions&quot;:{&quot;length&quot;:&quot;&quot;,&quot;width&quot;:&quot;&quot;,&quot;height&quot;:&quot;&quot;},&quot;dimensions_html&quot;:&quot;N\\\/A&quot;,&quot;display_price&quot;:30,&quot;display_regular_price&quot;:30,&quot;image&quot;:{&quot;title&quot;:&quot;LaFonduedeFred_Illustration_Fondue2Pax&quot;,&quot;caption&quot;:&quot;&quot;,&quot;url&quot;:&quot;https:\\\/\\\/lafonduedefred.ch\\\/wp-content\\\/uploads\\\/2022\\\/11\\\/LaFonduedeFred_Illustration_Fondue2Pax.png&quot;,&quot;alt&quot;:&quot;LaFonduedeFred_Illustration_Fondue2Pax&quot;,&quot;src&quot;:&quot;https:\\\/\\\/lafonduedefred.ch\\\/wp-content\\\/uploads\\\/2022\\\/11\\\/LaFonduedeFred_Illustration_Fondue2Pax-600x486.png&quot;,&quot;srcset&quot;:&quot;https:\\\/\\\/lafonduedefred.ch\\\/wp-content\\\/uploads\\\/2022\\\/11\\\/LaFonduedeFred_Illustration_Fondue2Pax-600x486.png 600w, https:\\\/\\\/lafonduedefred.ch\\\/wp-content\\\/uploads\\\/2022\\\/11\\\/LaFonduedeFred_Illustration_Fondue2Pax-300x243.png 300w, https:\\\/\\\/lafonduedefred.ch\\\/wp-content\\\/uploads\\\/2022\\\/11\\\/LaFonduedeFred_Illustration_Fondue2Pax-1024x829.png 1024w, https:\\\/\\\/lafonduedefred.ch\\\/wp-content\\\/uploads\\\/2022\\\/11\\\/LaFonduedeFred_Illustration_Fondue2Pax-768x622.png 768w, https:\\\/\\\/lafonduedefred.ch\\\/wp-content\\\/uploads\\\/2022\\\/11\\\/LaFonduedeFred_Illustration_Fondue2Pax.png 1050w&quot;,&quot;sizes&quot;:&quot;(max-width: 600px) 100vw, 600px&quot;,&quot;full_src&quot;:&quot;https:\\\/\\\/lafonduedefred.ch\\\/wp-content\\\/uploads\\\/2022\\\/11\\\/LaFonduedeFred_Illustration_Fondue2Pax.png&quot;,&quot;full_src_w&quot;:1050,&quot;full_src_h&quot;:850,&quot;gallery_thumbnail_src&quot;:&quot;https:\\\/\\\/lafonduedefred.ch\\\/wp-content\\\/uploads\\\/2022\\\/11\\\/LaFonduedeFred_Illustration_Fondue2Pax-100x100.png&quot;,&quot;gallery_thumbnail_src_w&quot;:100,&quot;gallery_thumbnail_src_h&quot;:100,&quot;thumb_src&quot;:&quot;https:\\\/\\\/lafonduedefred.ch\\\/wp-content\\\/uploads\\\/2022\\\/11\\\/LaFonduedeFred_Illustration_Fondue2Pax-450x450.png&quot;,&quot;thumb_src_w&quot;:300,&quot;thumb_src_h&quot;:300,&quot;src_w&quot;:600,&quot;src_h&quot;:486},&quot;image_id&quot;:292,&quot;is_downloadable&quot;:false,&quot;is_in_stock&quot;:true,&quot;is_purchasable&quot;:true,&quot;is_sold_individually&quot;:&quot;no&quot;,&quot;is_virtual&quot;:false,&quot;max_qty&quot;:&quot;&quot;,&quot;min_qty&quot;:1,&quot;price_html&quot;:&quot;&lt;span class=\\&quot;price\\&quot;&gt;&lt;span class=\\&quot;woocommerce-Price-amount amount\\&quot;&gt;&lt;bdi&gt;&lt;span class=\\&quot;woocommerce-Price-currencySymbol\\&quot;&gt;&amp;#67;&amp;#72;&amp;#70;&lt;\\\/span&gt;&amp;nbsp;30&lt;\\\/bdi&gt;&lt;\\\/span&gt;&lt;\\\/span&gt;&quot;,&quot;sku&quot;:&quot;&quot;,&quot;variation_description&quot;:&quot;&lt;p&gt;Fondue moiti\\u00e9-moiti\\u00e9 with Gruy\\u00e8re AOP and Vacherin AOP&lt;br \\\/&gt;\\n600 grams for 3 persons.&lt;\\\/p&gt;\\n&quot;,&quot;variation_id&quot;:1068,&quot;variation_is_active&quot;:true,&quot;variation_is_visible&quot;:true,&quot;weight&quot;:&quot;&quot;,&quot;weight_html&quot;:&quot;N\\\/A&quot;},{&quot;attributes&quot;:{&quot;attribute_grammes&quot;:&quot;800g&quot;},&quot;availability_html&quot;:&quot;&quot;,&quot;backorders_allowed&quot;:false,&quot;dimensions&quot;:{&quot;length&quot;:&quot;&quot;,&quot;width&quot;:&quot;&quot;,&quot;height&quot;:&quot;&quot;},&quot;dimensions_html&quot;:&quot;N\\\/A&quot;,&quot;display_price&quot;:40,&quot;display_regular_price&quot;:40,&quot;image&quot;:{&quot;title&quot;:&quot;LaFonduedeFred_Illustration_Fondue2Pax&quot;,&quot;caption&quot;:&quot;&quot;,&quot;url&quot;:&quot;https:\\\/\\\/lafonduedefred.ch\\\/wp-content\\\/uploads\\\/2022\\\/11\\\/LaFonduedeFred_Illustration_Fondue2Pax.png&quot;,&quot;alt&quot;:&quot;LaFonduedeFred_Illustration_Fondue2Pax&quot;,&quot;src&quot;:&quot;https:\\\/\\\/lafonduedefred.ch\\\/wp-content\\\/uploads\\\/2022\\\/11\\\/LaFonduedeFred_Illustration_Fondue2Pax-600x486.png&quot;,&quot;srcset&quot;:&quot;https:\\\/\\\/lafonduedefred.ch\\\/wp-content\\\/uploads\\\/2022\\\/11\\\/LaFonduedeFred_Illustration_Fondue2Pax-600x486.png 600w, https:\\\/\\\/lafonduedefred.ch\\\/wp-content\\\/uploads\\\/2022\\\/11\\\/LaFonduedeFred_Illustration_Fondue2Pax-300x243.png 300w, https:\\\/\\\/lafonduedefred.ch\\\/wp-content\\\/uploads\\\/2022\\\/11\\\/LaFonduedeFred_Illustration_Fondue2Pax-1024x829.png 1024w, https:\\\/\\\/lafonduedefred.ch\\\/wp-content\\\/uploads\\\/2022\\\/11\\\/LaFonduedeFred_Illustration_Fondue2Pax-768x622.png 768w, https:\\\/\\\/lafonduedefred.ch\\\/wp-content\\\/uploads\\\/2022\\\/11\\\/LaFonduedeFred_Illustration_Fondue2Pax.png 1050w&quot;,&quot;sizes&quot;:&quot;(max-width: 600px) 100vw, 600px&quot;,&quot;full_src&quot;:&quot;https:\\\/\\\/lafonduedefred.ch\\\/wp-content\\\/uploads\\\/2022\\\/11\\\/LaFonduedeFred_Illustration_Fondue2Pax.png&quot;,&quot;full_src_w&quot;:1050,&quot;full_src_h&quot;:850,&quot;gallery_thumbnail_src&quot;:&quot;https:\\\/\\\/lafonduedefred.ch\\\/wp-content\\\/uploads\\\/2022\\\/11\\\/LaFonduedeFred_Illustration_Fondue2Pax-100x100.png&quot;,&quot;gallery_thumbnail_src_w&quot;:100,&quot;gallery_thumbnail_src_h&quot;:100,&quot;thumb_src&quot;:&quot;https:\\\/\\\/lafonduedefred.ch\\\/wp-content\\\/uploads\\\/2022\\\/11\\\/LaFonduedeFred_Illustration_Fondue2Pax-450x450.png&quot;,&quot;thumb_src_w&quot;:300,&quot;thumb_src_h&quot;:300,&quot;src_w&quot;:600,&quot;src_h&quot;:486},&quot;image_id&quot;:292,&quot;is_downloadable&quot;:false,&quot;is_in_stock&quot;:true,&quot;is_purchasable&quot;:true,&quot;is_sold_individually&quot;:&quot;no&quot;,&quot;is_virtual&quot;:false,&quot;max_qty&quot;:&quot;&quot;,&quot;min_qty&quot;:1,&quot;price_html&quot;:&quot;&lt;span class=\\&quot;price\\&quot;&gt;&lt;span class=\\&quot;woocommerce-Price-amount amount\\&quot;&gt;&lt;bdi&gt;&lt;span class=\\&quot;woocommerce-Price-currencySymbol\\&quot;&gt;&amp;#67;&amp;#72;&amp;#70;&lt;\\\/span&gt;&amp;nbsp;40&lt;\\\/bdi&gt;&lt;\\\/span&gt;&lt;\\\/span&gt;&quot;,&quot;sku&quot;:&quot;&quot;,&quot;variation_description&quot;:&quot;&lt;p&gt;Fondue moiti\\u00e9-moiti\\u00e9 with Gruy\\u00e8re AOP and Vacherin AOP&lt;br \\\/&gt;\\n800 grams for 4 persons.&lt;\\\/p&gt;\\n&quot;,&quot;variation_id&quot;:1069,&quot;variation_is_active&quot;:true,&quot;variation_is_visible&quot;:true,&quot;weight&quot;:&quot;&quot;,&quot;weight_html&quot;:&quot;N\\\/A&quot;}]\">\n\t\n\t\t\t<table class=\"variations\" cellspacing=\"0\" role=\"presentation\">\n\t\t\t<tbody>\n\t\t\t\t\t\t\t\t\t<tr>\n\t\t\t\t\t\t<th class=\"label\"><label for=\"grammes\"><\/label><\/th>\n\t\t\t\t\t\t<td class=\"value\">\n\t\t\t\t\t\t\t<select id=\"grammes\" class=\"\" name=\"attribute_grammes\" data-attribute_name=\"attribute_grammes\" data-show_option_none=\"yes\"><option value=\"400g\" >400g<\/option><option value=\"600g\" >600g<\/option><option value=\"800g\" >800g<\/option><\/select>\t\t\t\t\t\t<\/td>\n\t\t\t\t\t<\/tr>\n\t\t\t\t\t\t\t<\/tbody>\n\t\t<\/table>\n\t\t<div class=\"reset_variations_alert screen-reader-text\" role=\"alert\" aria-live=\"polite\" aria-relevant=\"all\"><\/div>\n\t\t\n\t\t<div class=\"single_variation_wrap\">\n\t\t\t<div class=\"woocommerce-variation single_variation\" role=\"alert\" aria-relevant=\"additions\"><\/div><div class=\"woocommerce-variation-add-to-cart variations_button\">\n\t\n\t<div class=\"product-quantity\">\r\n          <button type=\"button\" class=\"minus\" aria-label=\"button-minus\"><\/button><div class=\"quantity\">\n\t\t<label class=\"screen-reader-text\" for=\"quantity_69df3c883a117\">Fondue quantity<\/label>\n\t<input\n\t\ttype=\"number\"\n\t\t\t\tid=\"quantity_69df3c883a117\"\n\t\tclass=\"input-text qty text\"\n\t\tname=\"quantity\"\n\t\tvalue=\"1\"\n\t\taria-label=\"Product quantity\"\n\t\t\t\tmin=\"1\"\n\t\t\t\t\t\t\tstep=\"1\"\n\t\t\tplaceholder=\"\"\n\t\t\tinputmode=\"numeric\"\n\t\t\tautocomplete=\"off\"\n\t\t\t\/>\n\t<\/div>\n<button type=\"button\" class=\"plus\" aria-label=\"button-plus\"><\/button>\r\n     <\/div>\n\t<button type=\"submit\" class=\"single_add_to_cart_button button alt\">add to cart<\/button>\n\n\t\n\t<input type=\"hidden\" name=\"add-to-cart\" value=\"1035\" \/>\n\t<input type=\"hidden\" name=\"product_id\" value=\"1035\" \/>\n\t<input type=\"hidden\" name=\"variation_id\" class=\"variation_id\" value=\"0\" \/>\n<\/div>\n\t\t<\/div>\n\t\n\t<\/form>\n\n                    <a class=\"btn cart-btn\" href=\"https:\/\/lafonduedefred.ch\/en\/\/cart\">Go to cart<\/a>\n                <\/div>\n            <\/div>\n         \n    <\/div>\n<\/section>\n\n\n<section class=\"award-block\">\n    <div class=\"container\">\n        <div class=\"award-block__title\"\n            data-aos-duration=\"1000\"\n            data-aos-delay=\"150\"\n            data-aos=\"fade-up\"\n        >\n                            <h2>Fred aims for excellence<\/h2>\n                                        <h3>prizes and awards<\/h3>\n                    <\/div>\n        <div class=\"award-block__row\">\n            <div class=\"award-block__content\">\n                                <div class=\"award-block__quote\"\n                    data-aos-duration=\"1000\"\n                    data-aos-delay=\"150\"\n                    data-aos=\"fade-right\"\n                >\n                                                        <\/div>\n            <\/div>\n            <div class=\"award-block__img\">\n                                    <img decoding=\"async\" src=\"https:\/\/lafonduedefred.ch\/wp-content\/uploads\/2022\/11\/LaFonduedeFred_Illustration_Prix.png\" alt=\"\">\n                            <\/div>\n        <\/div>\n    <\/div>\n<\/section>","protected":false},"excerpt":{"rendered":"","protected":false},"author":7,"featured_media":0,"parent":0,"menu_order":0,"comment_status":"closed","ping_status":"closed","template":"","meta":{"_acf_changed":false,"footnotes":""},"class_list":["post-54","page","type-page","status-publish","hentry"],"acf":[],"_links":{"self":[{"href":"https:\/\/lafonduedefred.ch\/en\/wp-json\/wp\/v2\/pages\/54","targetHints":{"allow":["GET"]}}],"collection":[{"href":"https:\/\/lafonduedefred.ch\/en\/wp-json\/wp\/v2\/pages"}],"about":[{"href":"https:\/\/lafonduedefred.ch\/en\/wp-json\/wp\/v2\/types\/page"}],"author":[{"embeddable":true,"href":"https:\/\/lafonduedefred.ch\/en\/wp-json\/wp\/v2\/users\/7"}],"replies":[{"embeddable":true,"href":"https:\/\/lafonduedefred.ch\/en\/wp-json\/wp\/v2\/comments?post=54"}],"version-history":[{"count":53,"href":"https:\/\/lafonduedefred.ch\/en\/wp-json\/wp\/v2\/pages\/54\/revisions"}],"predecessor-version":[{"id":1470,"href":"https:\/\/lafonduedefred.ch\/en\/wp-json\/wp\/v2\/pages\/54\/revisions\/1470"}],"wp:attachment":[{"href":"https:\/\/lafonduedefred.ch\/en\/wp-json\/wp\/v2\/media?parent=54"}],"curies":[{"name":"wp","href":"https:\/\/api.w.org\/{rel}","templated":true}]}}